{"id":3606,"date":"2020-10-26T11:47:59","date_gmt":"2020-10-26T09:47:59","guid":{"rendered":"https:\/\/hotelf6.fi\/?page_id=3606"},"modified":"2025-07-02T12:02:10","modified_gmt":"2025-07-02T09:02:10","slug":"tyomme-ympariston-puolesta","status":"publish","type":"page","link":"https:\/\/hotelf6.niili.net\/fi\/tyomme-ympariston-puolesta\/","title":{"rendered":"Vastuullisuus"},"content":{"rendered":"\n<h2 class=\"wp-block-heading has-text-align-center\">Ty\u00f6mme ymp\u00e4rist\u00f6n puolesta<\/h2>\n\n\n\n<p><\/p>\n\n\n\n<p class=\"has-text-align-center\">Haluamme tehd\u00e4 oman osuutemme jatkuvassa taistelussa vihre\u00e4mm\u00e4n planeetan puolesta. Osana Nordic Hotels &amp; Resorts -hotelliryhm\u00e4\u00e4 Hotel F6 on mukana jatkuvassa ymp\u00e4rist\u00f6ty\u00f6ss\u00e4. Osallistumme kansainv\u00e4liseen <a href=\"https:\/\/www.iso.org\/iso-14001-environmental-management.html\" target=\"_blank\" rel=\"noopener\" title=\"\">ISO14001<\/a> -ymp\u00e4rist\u00f6ohjelmaan.<br><\/p>\n\n\n\n<figure class=\"wp-block-image size-large\"><img loading=\"lazy\" decoding=\"async\" width=\"1920\" height=\"1280\" src=\"https:\/\/hotelf6.fi\/wp-content\/uploads\/2016\/03\/Hotel-H6_5-1920x1280.jpg\" alt=\"\" class=\"wp-image-675\" srcset=\"https:\/\/hotelf6.niili.net\/wp-content\/uploads\/2016\/03\/Hotel-H6_5.jpg 1920w, https:\/\/hotelf6.niili.net\/wp-content\/uploads\/2016\/03\/Hotel-H6_5-1024x683.jpg 1024w\" sizes=\"auto, (max-width: 1920px) 100vw, 1920px\" \/><\/figure>\n\n\n\n<div class=\"wp-block-columns is-layout-flex wp-container-core-columns-is-layout-9d6595d7 wp-block-columns-is-layout-flex\">\n<div class=\"wp-block-column is-layout-flow wp-block-column-is-layout-flow\"><\/div>\n\n\n\n<div class=\"wp-block-column is-layout-flow wp-block-column-is-layout-flow\">\n<hr class=\"wp-block-separator has-alpha-channel-opacity\"\/>\n<\/div>\n\n\n\n<div class=\"wp-block-column is-layout-flow wp-block-column-is-layout-flow\"><\/div>\n<\/div>\n\n\n\n<p class=\"has-text-align-center\">Ymp\u00e4rist\u00f6 on yksi t\u00e4rkeimmist\u00e4 arvoistamme ja keskeisess\u00e4 roolissa p\u00e4ivitt\u00e4isess\u00e4 toiminnassamme.<\/p>\n\n\n\n<p class=\"has-text-align-center\">K\u00e4yt\u00e4mme uusiutuvaa energiaa ja uutta teknologiaa v\u00e4hent\u00e4\u00e4ksemme energian- ja vedenkulutusta.<\/p>\n\n\n\n<p class=\"has-text-align-center\">Pyrimme jatkuvasti v\u00e4hent\u00e4m\u00e4\u00e4n sekaj\u00e4tteen m\u00e4\u00e4r\u00e4\u00e4 panostamalla tehokkaaseen lajitteluun, sek\u00e4 j\u00e4tteen m\u00e4\u00e4r\u00e4n tarkkaan seurantaan ja raportoimiseen.&nbsp;<\/p>\n\n\n\n<p class=\"has-text-align-center\">Aamiaisbuffettimme painottuu l\u00e4hi- ja luomutuotteisiin ja kest\u00e4v\u00e4 ajattelumalli on keskeisesti mukana kaikessa toiminnassamme.<\/p>\n\n\n\n<div class=\"wp-block-columns is-layout-flex wp-container-core-columns-is-layout-9d6595d7 wp-block-columns-is-layout-flex\">\n<div class=\"wp-block-column is-layout-flow wp-block-column-is-layout-flow\"><\/div>\n\n\n\n<div class=\"wp-block-column is-layout-flow wp-block-column-is-layout-flow\">\n<hr class=\"wp-block-separator has-css-opacity\"\/>\n<\/div>\n\n\n\n<div class=\"wp-block-column is-layout-flow wp-block-column-is-layout-flow\"><\/div>\n<\/div>\n\n\n\n<h3 class=\"wp-block-heading has-text-align-center has-text-color has-link-color wp-elements-2d338dda0a3c5609f55d3ed4337f6aca\" style=\"color:#827046\"><em>Kannustamme vieraitamme osallistumaan ymp\u00e4rist\u00f6ty\u00f6h\u00f6n<\/em><\/h3>\n\n\n\n<p class=\"has-text-align-center\"><br>Auta meit\u00e4 lajittelemaan j\u00e4tt\u00e4m\u00e4ll\u00e4 tyhj\u00e4t pullot, sanomalehdet ja mahdolliset ongelmaj\u00e4tteet p\u00f6yd\u00e4lle. N\u00e4in me voimme lajitella ne erilleen sekaj\u00e4tteest\u00e4 ja kierr\u00e4tt\u00e4\u00e4 ne puolestasi.<\/p>\n\n\n\n<p class=\"has-text-align-center\">Irrota avainkorttisi virtakytkimest\u00e4 kun huone j\u00e4\u00e4 tyhjilleen. N\u00e4in v\u00e4lt\u00e4mme turhaa energiankulutusta.<\/p>\n\n\n\n<p class=\"has-text-align-center\">J\u00e4t\u00e4 pyyhkeesi kylpyhuoneen lattialle mik\u00e4li haluat puhtaan tilalle. Jos pyyhkeesi on ripustettuna, kerroshoito j\u00e4tt\u00e4\u00e4 sen sinulle k\u00e4ytett\u00e4v\u00e4ksi viel\u00e4 uudelleen.\u00a0<\/p>\n\n\n\n<p class=\"has-text-align-center\">Vastaanottomme henkil\u00f6kunta auttaa mielell\u00e4\u00e4n mik\u00e4li mieleesi her\u00e4\u00e4 kysymyksi\u00e4 tai ajatuksia asiaan liittyen.<\/p>\n\n\n\n<blockquote class=\"wp-block-quote is-layout-flow wp-block-quote-is-layout-flow\"><\/blockquote>\n\n\n\n<div class=\"wp-block-columns is-layout-flex wp-container-core-columns-is-layout-9d6595d7 wp-block-columns-is-layout-flex\">\n<div class=\"wp-block-column is-layout-flow wp-block-column-is-layout-flow\"><\/div>\n\n\n\n<div class=\"wp-block-column is-layout-flow wp-block-column-is-layout-flow\">\n<figure class=\"wp-block-image size-large\"><a href=\"https:\/\/www.iso.org\/home.html\"><img loading=\"lazy\" decoding=\"async\" width=\"720\" height=\"720\" src=\"https:\/\/hotelf6.fi\/wp-content\/uploads\/2020\/11\/pngwing.com_.png\" alt=\"\" class=\"wp-image-3719\" srcset=\"https:\/\/hotelf6.niili.net\/wp-content\/uploads\/2020\/11\/pngwing.com_.png 720w, https:\/\/hotelf6.niili.net\/wp-content\/uploads\/2020\/11\/pngwing.com_-300x300.png 300w, https:\/\/hotelf6.niili.net\/wp-content\/uploads\/2020\/11\/pngwing.com_-125x125.png 125w\" sizes=\"auto, (max-width: 720px) 100vw, 720px\" \/><\/a><\/figure>\n<\/div>\n\n\n\n<div class=\"wp-block-column is-layout-flow wp-block-column-is-layout-flow\"><\/div>\n<\/div>\n","protected":false},"excerpt":{"rendered":"<p>Ty\u00f6mme ymp\u00e4rist\u00f6n puolesta Haluamme tehd\u00e4 oman osuutemme jatkuvassa taistelussa vihre\u00e4mm\u00e4n planeetan puolesta. Osana Nordic Hotels &amp; Resorts -hotelliryhm\u00e4\u00e4 Hotel F6 on mukana jatkuvassa ymp\u00e4rist\u00f6ty\u00f6ss\u00e4. Osallistumme kansainv\u00e4liseen ISO14001 -ymp\u00e4rist\u00f6ohjelmaan. Ymp\u00e4rist\u00f6 on yksi t\u00e4rkeimmist\u00e4 arvoistamme ja keskeisess\u00e4 roolissa p\u00e4ivitt\u00e4isess\u00e4 toiminnassamme. K\u00e4yt\u00e4mme uusiutuvaa energiaa ja uutta teknologiaa v\u00e4hent\u00e4\u00e4ksemme energian- ja vedenkulutusta. Pyrimme jatkuvasti v\u00e4hent\u00e4m\u00e4\u00e4n sekaj\u00e4tteen m\u00e4\u00e4r\u00e4\u00e4 panostamalla tehokkaaseen<a class=\"excerpt-read-more\" href=\"https:\/\/hotelf6.niili.net\/fi\/tyomme-ympariston-puolesta\/\" title=\"ReadVastuullisuus\">&#8230; Read more &raquo;<\/a><\/p>\n","protected":false},"author":2,"featured_media":0,"parent":0,"menu_order":0,"comment_status":"closed","ping_status":"closed","template":"","meta":{"_acf_changed":false,"footnotes":""},"class_list":["post-3606","page","type-page","status-publish","hentry"],"acf":[],"aioseo_notices":[],"_links":{"self":[{"href":"https:\/\/hotelf6.niili.net\/fi\/wp-json\/wp\/v2\/pages\/3606","targetHints":{"allow":["GET"]}}],"collection":[{"href":"https:\/\/hotelf6.niili.net\/fi\/wp-json\/wp\/v2\/pages"}],"about":[{"href":"https:\/\/hotelf6.niili.net\/fi\/wp-json\/wp\/v2\/types\/page"}],"author":[{"embeddable":true,"href":"https:\/\/hotelf6.niili.net\/fi\/wp-json\/wp\/v2\/users\/2"}],"replies":[{"embeddable":true,"href":"https:\/\/hotelf6.niili.net\/fi\/wp-json\/wp\/v2\/comments?post=3606"}],"version-history":[{"count":29,"href":"https:\/\/hotelf6.niili.net\/fi\/wp-json\/wp\/v2\/pages\/3606\/revisions"}],"predecessor-version":[{"id":7427,"href":"https:\/\/hotelf6.niili.net\/fi\/wp-json\/wp\/v2\/pages\/3606\/revisions\/7427"}],"wp:attachment":[{"href":"https:\/\/hotelf6.niili.net\/fi\/wp-json\/wp\/v2\/media?parent=3606"}],"curies":[{"name":"wp","href":"https:\/\/api.w.org\/{rel}","templated":true}]}}